{"id":17149,"date":"2020-03-02T23:33:27","date_gmt":"2020-03-02T23:33:27","guid":{"rendered":"https:\/\/demo04.houzez.co\/?page_id=17149"},"modified":"2026-03-29T16:00:53","modified_gmt":"2026-03-29T16:00:53","slug":"formulario-de-consultas","status":"publish","type":"page","link":"https:\/\/islabellaproperties.com\/en\/formulario-de-consultas\/","title":{"rendered":"Inquiry Form"},"content":{"rendered":"<div data-elementor-type=\"wp-page\" data-elementor-id=\"17149\" class=\"elementor elementor-17149\">\n\t\t\t\t\t\t<section class=\"elementor-section elementor-top-section elementor-element elementor-element-5ec2734 elementor-section-boxed elementor-section-height-default elementor-section-height-default\" data-id=\"5ec2734\" data-element_type=\"section\" data-e-type=\"section\" data-settings=\"{&quot;background_background&quot;:&quot;classic&quot;}\">\n\t\t\t\t\t\t\t<div class=\"elementor-background-overlay\"><\/div>\n\t\t\t\t\t\t\t<div class=\"elementor-container elementor-column-gap-default\">\n\t\t\t\t\t<div class=\"elementor-column elementor-col-100 elementor-top-column elementor-element elementor-element-e1bd41f\" data-id=\"e1bd41f\" data-element_type=\"column\" data-e-type=\"column\">\n\t\t\t<div class=\"elementor-widget-wrap elementor-element-populated\">\n\t\t\t\t\t\t<div class=\"elementor-element elementor-element-49cbafe elementor-widget elementor-widget-houzez_elementor_space\" data-id=\"49cbafe\" data-element_type=\"widget\" data-e-type=\"widget\" data-widget_type=\"houzez_elementor_space.default\">\n\t\t\t\t<div class=\"elementor-widget-container\">\n\t\t\t\t\t        <div class=\"houzez-spacer\">\n            <div class=\"houzez-spacer-inner\"><\/div>\n        <\/div>\n        \t\t\t\t<\/div>\n\t\t\t\t<\/div>\n\t\t\t\t<section class=\"elementor-section elementor-inner-section elementor-element elementor-element-6efd58c animated-slow elementor-section-boxed elementor-section-height-default elementor-section-height-default elementor-invisible\" data-id=\"6efd58c\" data-element_type=\"section\" data-e-type=\"section\" data-settings=\"{&quot;background_background&quot;:&quot;classic&quot;,&quot;animation&quot;:&quot;fadeIn&quot;}\">\n\t\t\t\t\t\t<div class=\"elementor-container elementor-column-gap-no\">\n\t\t\t\t\t<div class=\"elementor-column elementor-col-100 elementor-inner-column elementor-element elementor-element-856004d\" data-id=\"856004d\" data-element_type=\"column\" data-e-type=\"column\">\n\t\t\t<div class=\"elementor-widget-wrap elementor-element-populated\">\n\t\t\t\t\t\t<div class=\"elementor-element elementor-element-1096ec0 elementor-widget elementor-widget-heading\" data-id=\"1096ec0\" data-element_type=\"widget\" data-e-type=\"widget\" data-widget_type=\"heading.default\">\n\t\t\t\t<div class=\"elementor-widget-container\">\n\t\t\t\t\t<h1 class=\"elementor-heading-title elementor-size-default\">Inquiry Form - Real Estate Services in Puerto Rico<\/h1>\t\t\t\t<\/div>\n\t\t\t\t<\/div>\n\t\t\t\t<div class=\"elementor-element elementor-element-8ff1404 elementor-widget elementor-widget-text-editor\" data-id=\"8ff1404\" data-element_type=\"widget\" data-e-type=\"widget\" data-widget_type=\"text-editor.default\">\n\t\t\t\t<div class=\"elementor-widget-container\">\n\t\t\t\t\t\t\t\t\t<h4>\u00a0<\/h4><p>Whether you&#039;re looking to buy, sell, rent, or invest, as your Realtor, we&#039;re here to help you navigate the real estate market smoothly, with the knowledge and services you need. Feel free to leave your real estate inquiries here, and we&#039;ll assist you right away. Let&#039;s get started!<\/p>\t\t\t\t\t\t\t\t<\/div>\n\t\t\t\t<\/div>\n\t\t\t\t\t<\/div>\n\t\t<\/div>\n\t\t\t\t\t<\/div>\n\t\t<\/section>\n\t\t\t\t<div class=\"elementor-element elementor-element-d0197b2 animated-slow elementor-invisible elementor-widget elementor-widget-shortcode\" data-id=\"d0197b2\" data-element_type=\"widget\" data-e-type=\"widget\" data-settings=\"{&quot;_animation&quot;:&quot;fadeIn&quot;}\" data-widget_type=\"shortcode.default\">\n\t\t\t\t<div class=\"elementor-widget-container\">\n\t\t\t\t\t\t\t<div class=\"elementor-shortcode\"><div class=\"forminator-ui forminator-custom-form forminator-custom-form-19814 forminator-design--material  forminator_ajax\" data-forminator-render=\"0\" data-form=\"forminator-module-19814\" data-uid=\"69dbaf267cc7f\"><br\/><\/div><form\n\t\t\t\tid=\"forminator-module-19814\"\n\t\t\t\tclass=\"forminator-ui forminator-custom-form forminator-custom-form-19814 forminator-design--material  forminator_ajax\"\n\t\t\t\tmethod=\"post\"\n\t\t\t\tdata-forminator-render=\"0\"\n\t\t\t\tdata-form-id=\"19814\"\n\t\t\t\t data-color-option=\"theme\" data-design=\"material\" data-grid=\"open\" style=\"display: none;\"\n\t\t\t\tdata-uid=\"69dbaf267cc7f\" action=\"\"\n\t\t\t><div role=\"alert\" aria-live=\"polite\" class=\"forminator-response-message forminator-error\" aria-hidden=\"true\"><\/div><div class=\"forminator-row\"><div id=\"select-1\" class=\"forminator-field-select forminator-col forminator-col-12\"><div class=\"forminator-field\"><select  id=\"forminator-form-19814__field--select-1_69dbaf267cc7f\" class=\"forminator-select--field forminator-select2 forminator-select2-multiple\" data-required=\"1\" name=\"select-1\" data-default-value=\"\" data-hidden-behavior=\"zero\" data-placeholder=\"Tipo de consulta\" data-search=\"false\" data-search-placeholder=\"Tipo de consulta\" data-checkbox=\"false\" data-allow-clear=\"false\" aria-labelledby=\"forminator-form-19814__field--select-1_69dbaf267cc7f-label\"><option value=\"\"  >Type of Inquiry<\/option><option value=\"one\"  data-calculation=\"0\">Property for sale<\/option><option value=\"two\"  data-calculation=\"0\">Property Purchase<\/option><option value=\"Renta-de-propiedad\"  data-calculation=\"0\">Property rental<\/option><option value=\"Otras-consultas\"  data-calculation=\"0\">Other queries<\/option><\/select><\/div><\/div><\/div><div class=\"forminator-row\"><div id=\"name-1\" class=\"forminator-field-name forminator-col forminator-col-12\"><div class=\"forminator-row forminator-no-margin\" data-multiple=\"true\"><div class=\"forminator-col forminator-col-md-6\"><div class=\"forminator-field\"><label for=\"forminator-field-first-name-1_69dbaf267cc7f\" id=\"forminator-field-first-name-1_69dbaf267cc7f-label\" class=\"forminator-label\">Name <span class=\"forminator-required\">*<\/span><\/label><input type=\"text\" name=\"name-1-first-name\" placeholder=\"Name\" id=\"forminator-field-first-name-1_69dbaf267cc7f\" class=\"forminator-input\" aria-required=\"true\" data-multi=\"1\" autocomplete=\"given-name\" value=\"\" \/><\/div><\/div><div class=\"forminator-col forminator-col-md-6\"><div class=\"forminator-field\"><label for=\"forminator-field-middle-name-1_69dbaf267cc7f\" id=\"forminator-field-middle-name-1_69dbaf267cc7f-label\" class=\"forminator-label\">Middle Name<\/label><input type=\"text\" name=\"name-1-middle-name\" placeholder=\"Middle Name\" id=\"forminator-field-middle-name-1_69dbaf267cc7f\" class=\"forminator-input\" aria-required=\"false\" data-multi=\"1\" autocomplete=\"additional-name\" value=\"\" \/><\/div><\/div><div class=\"forminator-col forminator-col-md-6\"><div class=\"forminator-field\"><label for=\"forminator-field-last-name-1_69dbaf267cc7f\" id=\"forminator-field-last-name-1_69dbaf267cc7f-label\" class=\"forminator-label\">Last Name <span class=\"forminator-required\">*<\/span><\/label><input type=\"text\" name=\"name-1-last-name\" placeholder=\"Last Name\" id=\"forminator-field-last-name-1_69dbaf267cc7f\" class=\"forminator-input\" aria-required=\"true\" data-multi=\"1\" autocomplete=\"family-name\" value=\"\" \/><\/div><\/div><\/div><\/div><\/div><div class=\"forminator-row\"><div id=\"email-1\" class=\"forminator-field-email forminator-col forminator-col-12\"><div class=\"forminator-field\"><label for=\"forminator-field-email-1_69dbaf267cc7f\" id=\"forminator-field-email-1_69dbaf267cc7f-label\" class=\"forminator-label\">Email <span class=\"forminator-required\">*<\/span><\/label><input type=\"email\" name=\"email-1\" value=\"\" placeholder=\"\" id=\"forminator-field-email-1_69dbaf267cc7f\" class=\"forminator-input forminator-email--field\" data-required=\"1\" aria-required=\"true\" autocomplete=\"email\" \/><\/div><\/div><\/div><div class=\"forminator-row\"><div id=\"phone-1\" class=\"forminator-field-phone forminator-col forminator-col-12\"><div class=\"forminator-field\"><label for=\"forminator-field-phone-1_69dbaf267cc7f\" id=\"forminator-field-phone-1_69dbaf267cc7f-label\" class=\"forminator-label\">Phone Number <span class=\"forminator-required\">*<\/span><\/label><input type=\"text\" name=\"phone-1\" value=\"\" placeholder=\"\" id=\"forminator-field-phone-1_69dbaf267cc7f\" class=\"forminator-input forminator-field--phone\" data-required=\"1\" aria-required=\"true\" autocomplete=\"off\" \/><\/div><\/div><\/div><div class=\"forminator-row\"><div id=\"select-2\" class=\"forminator-field-select forminator-col forminator-col-12\"><div class=\"forminator-field\"><select  id=\"forminator-form-19814__field--select-2_69dbaf267cc7f\" class=\"forminator-select--field forminator-select2 forminator-select2-multiple\" data-required=\"1\" name=\"select-2\" data-default-value=\"\" data-hidden-behavior=\"zero\" data-placeholder=\"Pueblo\" data-search=\"false\" data-search-placeholder=\"Pueblo\" data-checkbox=\"false\" data-allow-clear=\"false\" aria-labelledby=\"forminator-form-19814__field--select-2_69dbaf267cc7f-label\"><option value=\"\"  >Town<\/option><option value=\"one\"  data-calculation=\"0\">Adjuntas<\/option><option value=\"two\"  data-calculation=\"0\">Aguada<\/option><option value=\"Aguadilla\"  data-calculation=\"0\">Aguadilla<\/option><option value=\"Aguas-Buenas\"  data-calculation=\"0\">Aguas Buenas<\/option><option value=\"Aibonito\"  data-calculation=\"0\">Aibonito<\/option><option value=\"A\u00f1asco\"  data-calculation=\"0\">A\u00f1asco<\/option><option value=\"Arecibo\"  data-calculation=\"0\">Arecibo<\/option><option value=\"Arroyo\"  data-calculation=\"0\">Arroyo<\/option><option value=\"Barceloneta\"  data-calculation=\"0\">Barceloneta<\/option><option value=\"Barranquitas\"  data-calculation=\"0\">Barranquitas<\/option><option value=\"Bayam\u00f3n\"  data-calculation=\"0\">Bayam\u00f3n<\/option><option value=\"Cabo-Rojo\"  data-calculation=\"0\">Cabo Rojo<\/option><option value=\"Caguas\"  data-calculation=\"0\">Caguas<\/option><option value=\"Camuy\"  data-calculation=\"0\">Camuy<\/option><option value=\"Can\u00f3vanas\"  data-calculation=\"0\">Can\u00f3vanas<\/option><option value=\"Carolina\"  data-calculation=\"0\">Carolina<\/option><option value=\"Cata\u00f1o\"  data-calculation=\"0\">Cata\u00f1o<\/option><option value=\"Cayey\"  data-calculation=\"0\">Cayey<\/option><option value=\"Ceiba\"  data-calculation=\"0\">Ceiba<\/option><option value=\"Ciales\"  data-calculation=\"0\">Ciales<\/option><option value=\"Cidra\"  data-calculation=\"0\">Cidra<\/option><option value=\"Coamo\"  data-calculation=\"0\">Coamo<\/option><option value=\"Comerio\"  data-calculation=\"0\">Comerio<\/option><option value=\"Corozal\"  data-calculation=\"0\">Corozal<\/option><option value=\"Culebra\"  data-calculation=\"0\">Culebra<\/option><option value=\"Dorado\"  data-calculation=\"0\">Dorado<\/option><option value=\"Fajardo\"  data-calculation=\"0\">Fajardo<\/option><option value=\"Florida\"  data-calculation=\"0\">Florida<\/option><option value=\"Gu\u00e1nica\"  data-calculation=\"0\">Gu\u00e1nica<\/option><option value=\"Guayama\"  data-calculation=\"0\">Guayama<\/option><option value=\"Guayanilla\"  data-calculation=\"0\">Guayanilla<\/option><option value=\"Guaynabo\"  data-calculation=\"0\">Guaynabo<\/option><option value=\"Gurabo\"  data-calculation=\"0\">Gurabo<\/option><option value=\"Hatillo\"  data-calculation=\"0\">Hatillo<\/option><option value=\"Hormigueros\"  data-calculation=\"0\">Hormigueros<\/option><option value=\"Humacao\"  data-calculation=\"0\">Humacao<\/option><option value=\"Isabela\"  data-calculation=\"0\">Isabela<\/option><option value=\"Jayuya\"  data-calculation=\"0\">Jayuya<\/option><option value=\"Juana-D\u00edaz\"  data-calculation=\"0\">Juana D\u00edaz<\/option><option value=\"Juncos\"  data-calculation=\"0\">Juncos<\/option><option value=\"Lajas\"  data-calculation=\"0\">Lajas<\/option><option value=\"Lares\"  data-calculation=\"0\">Lares<\/option><option value=\"Las-Mar\u00edas\"  data-calculation=\"0\">Las Marias<\/option><option value=\"Las-Piedras\"  data-calculation=\"0\">Las Piedras<\/option><option value=\"Loiza\"  data-calculation=\"0\">Loiza<\/option><option value=\"Luquillo\"  data-calculation=\"0\">Luquillo<\/option><option value=\"Manat\u00ed\"  data-calculation=\"0\">Manati<\/option><option value=\"Maricao\"  data-calculation=\"0\">Maricao<\/option><option value=\"Maunabo\"  data-calculation=\"0\">Maunabo<\/option><option value=\"Mayaguez\"  data-calculation=\"0\">Mayaguez<\/option><option value=\"Moca\"  data-calculation=\"0\">Moca<\/option><option value=\"Morovis\"  data-calculation=\"0\">Morovis<\/option><option value=\"Naguabo\"  data-calculation=\"0\">Naguabo<\/option><option value=\"Naranjito\"  data-calculation=\"0\">Naranjito<\/option><option value=\"Orocovis\"  data-calculation=\"0\">Orocovis<\/option><option value=\"Patillas\"  data-calculation=\"0\">Patillas<\/option><option value=\"Pe\u00f1uelas\"  data-calculation=\"0\">Pe\u00f1uelas<\/option><option value=\"Ponce\"  data-calculation=\"0\">Ponce<\/option><option value=\"Quebradillas\"  data-calculation=\"0\">Quebradillas<\/option><option value=\"Rinc\u00f3n\"  data-calculation=\"0\">Rincon<\/option><option value=\"Rio-Grande\"  data-calculation=\"0\">Rio Grande<\/option><option value=\"Sabana-Grande\"  data-calculation=\"0\">Sabana Grande<\/option><option value=\"Salinas\"  data-calculation=\"0\">Salinas<\/option><option value=\"San-Germ\u00e1n\"  data-calculation=\"0\">San German<\/option><option value=\"San-Juan\"  data-calculation=\"0\">San Juan<\/option><option value=\"San-Lorenzo\"  data-calculation=\"0\">San Lorenzo<\/option><option value=\"San-Sebastian\"  data-calculation=\"0\">San Sebastian<\/option><option value=\"Santa-Isabel\"  data-calculation=\"0\">Santa Isabel<\/option><option value=\"Toa-Alta\"  data-calculation=\"0\">Toa Alta<\/option><option value=\"Toa-Baja\"  data-calculation=\"0\">Toa Baja<\/option><option value=\"Trujillo-Alto\"  data-calculation=\"0\">Trujillo Alto<\/option><option value=\"Utuado\"  data-calculation=\"0\">Utuado<\/option><option value=\"Vega-Alta\"  data-calculation=\"0\">Vega Alta<\/option><option value=\"Vega-Baja\"  data-calculation=\"0\">Vega Baja<\/option><option value=\"Vieques\"  data-calculation=\"0\">Vieques<\/option><option value=\"Villalba\"  data-calculation=\"0\">Villalba<\/option><option value=\"Yabucoa\"  data-calculation=\"0\">Yabucoa<\/option><option value=\"Yauco\"  data-calculation=\"0\">Yauco<\/option><\/select><\/div><\/div><\/div><div class=\"forminator-row\"><div id=\"select-3\" class=\"forminator-field-select forminator-col forminator-col-12\"><div class=\"forminator-field\"><select  id=\"forminator-form-19814__field--select-3_69dbaf267cc7f\" class=\"forminator-select--field forminator-select2 forminator-select2-multiple\" data-required=\"1\" name=\"select-3\" data-default-value=\"\" data-hidden-behavior=\"zero\" data-placeholder=\"Pa\u00eds\" data-search=\"false\" data-search-placeholder=\"Pa\u00eds\" data-checkbox=\"false\" data-allow-clear=\"false\" aria-labelledby=\"forminator-form-19814__field--select-3_69dbaf267cc7f-label\"><option value=\"\"  >Country<\/option><option value=\"one\"  data-calculation=\"0\">Puerto Rico<\/option><\/select><\/div><\/div><\/div><div class=\"forminator-row\"><div id=\"address-1\" class=\"forminator-field-address forminator-col forminator-col-12\"><div class=\"forminator-row\" data-multiple=\"false\"><div id=\"address-1-zip\" class=\"forminator-col forminator-col-12\"><div class=\"forminator-field\"><label for=\"forminator-field-address-1-zip_69dbaf267cc7f\" id=\"forminator-field-address-1-zip_69dbaf267cc7f-label\" class=\"forminator-label\">Zip Code <span class=\"forminator-required\">*<\/span><\/label><input type=\"text\" name=\"address-1-zip\" placeholder=\"Zip Code\" id=\"forminator-field-address-1-zip_69dbaf267cc7f\" class=\"forminator-input\" autocomplete=\"postal-code\" value=\"\" \/><\/div><\/div><\/div><\/div><\/div><div class=\"forminator-row\"><div id=\"textarea-1\" class=\"forminator-field-textarea forminator-col forminator-col-12\"><div class=\"forminator-field\"><label for=\"forminator-field-textarea-1_69dbaf267cc7f\" id=\"forminator-field-textarea-1_69dbaf267cc7f-label\" class=\"forminator-label\">Message <span class=\"forminator-required\">*<\/span><\/label><span id=\"forminator-field-textarea-1_69dbaf267cc7f-description\" class=\"forminator-description\"><span data-limit=\"300\" data-type=\"characters\" data-editor=\"\">0 \/ 300<\/span><\/span><textarea name=\"textarea-1\" placeholder=\"\" id=\"forminator-field-textarea-1_69dbaf267cc7f\" class=\"forminator-textarea\" rows=\"6\" style=\"min-height:140px;\" maxlength=\"300\" ><\/textarea><\/div><\/div><\/div><div class=\"forminator-row\"><div id=\"consent-1\" class=\"forminator-field-consent forminator-col forminator-col-12\"><div class=\"forminator-field\"><label for=\"forminator-field-consent-1_69dbaf267cc7f\" id=\"forminator-field-consent-1_69dbaf267cc7f-label\" class=\"forminator-label\">I have read and agree to the Privacy Policy. <span class=\"forminator-required\">*<\/span><\/label><div class=\"forminator-checkbox__wrapper\"><label id=\"forminator-field-consent-1_69dbaf267cc7f__label\" class=\"forminator-checkbox forminator-consent\"><input type=\"checkbox\" name=\"consent-1\" id=\"forminator-field-consent-1_69dbaf267cc7f\" value=\"checked\" aria-labelledby=\"forminator-field-consent-1_69dbaf267cc7f-label\" aria-describedby=\"forminator-field-consent-1_69dbaf267cc7f__description\" data-required=\"true\" aria-required=\"true\" \/><span class=\"forminator-checkbox-box\" aria-hidden=\"true\"><\/span><\/label><div id=\"forminator-field-consent-1_69dbaf267cc7f__description\" class=\"forminator-checkbox__label forminator-consent__label\"><p data-start=\"2027\" data-end=\"2355\">By submitting this form, you agree to be contacted by Cintron Real Estate and Alex Cintron, Realtor by phone, text message, email or electronic means, including using automated or prerecorded systems, regarding real estate services, properties and requests made.<\/p>\n<p data-start=\"2362\" data-end=\"2532\">You understand that you are not required to provide this consent as a condition of buying or selling a property. You may cancel communications at any time.<\/p><\/div><\/div><\/div><\/div><\/div><input type=\"hidden\" name=\"referer_url\" value=\"\" \/><div class=\"forminator-row forminator-row-last\"><div class=\"forminator-col\"><div class=\"forminator-field\"><button class=\"forminator-button forminator-button-submit\"><span>Submit<\/span><span aria-hidden=\"true\"><\/span><\/button><\/div><\/div><\/div><input type=\"hidden\" id=\"forminator_nonce\" name=\"forminator_nonce\" value=\"8a724e4706\" \/><input type=\"hidden\" name=\"_wp_http_referer\" value=\"\/en\/wp-json\/wp\/v2\/pages\/17149\" \/><input type=\"hidden\" name=\"form_id\" value=\"19814\"><input type=\"hidden\" name=\"page_id\" value=\"17149\"><input type=\"hidden\" name=\"form_type\" value=\"default\"><input type=\"hidden\" name=\"current_url\" value=\"https:\/\/islabellaproperties.com\/en\/formulario-de-consultas\/\"><input type=\"hidden\" name=\"render_id\" value=\"0\"><input type=\"hidden\" name=\"action\" value=\"forminator_submit_form_custom-forms\"><input type=\"hidden\" name=\"trp-form-language\" value=\"en\"\/><\/form><\/div>\n\t\t\t\t\t\t<\/div>\n\t\t\t\t<\/div>\n\t\t\t\t\t<\/div>\n\t\t<\/div>\n\t\t\t\t\t<\/div>\n\t\t<\/section>\n\t\t\t\t<section class=\"elementor-section elementor-top-section elementor-element elementor-element-521ac3c elementor-section-boxed elementor-section-height-default elementor-section-height-default\" data-id=\"521ac3c\" data-element_type=\"section\" data-e-type=\"section\">\n\t\t\t\t\t\t<div class=\"elementor-container elementor-column-gap-default\">\n\t\t\t\t\t<div class=\"elementor-column elementor-col-100 elementor-top-column elementor-element elementor-element-bc5c63c\" data-id=\"bc5c63c\" data-element_type=\"column\" data-e-type=\"column\">\n\t\t\t<div class=\"elementor-widget-wrap\">\n\t\t\t\t\t\t\t<\/div>\n\t\t<\/div>\n\t\t\t\t\t<\/div>\n\t\t<\/section>\n\t\t\t\t<\/div>","protected":false},"excerpt":{"rendered":"<p>Formulario de consulta- servicios de Bienes Ra\u00edces en Puerto Rico \u00a0 Ya sea que est\u00e9 buscando comprar, vender, alquilar o invertir, como su Realtor estamos aqu\u00ed para ayudarlo a navegar por el mercado de bienes ra\u00edces sin problemas, con el conocimiento y los servicios que necesita. No dude en dejar sus consultas sobre bienes ra\u00edces [&hellip;]<\/p>\n","protected":false},"author":1,"featured_media":0,"parent":0,"menu_order":0,"comment_status":"closed","ping_status":"closed","template":"template\/template-homepage.php","meta":{"footnotes":""},"class_list":["post-17149","page","type-page","status-publish","hentry"],"_links":{"self":[{"href":"https:\/\/islabellaproperties.com\/en\/wp-json\/wp\/v2\/pages\/17149","targetHints":{"allow":["GET"]}}],"collection":[{"href":"https:\/\/islabellaproperties.com\/en\/wp-json\/wp\/v2\/pages"}],"about":[{"href":"https:\/\/islabellaproperties.com\/en\/wp-json\/wp\/v2\/types\/page"}],"author":[{"embeddable":true,"href":"https:\/\/islabellaproperties.com\/en\/wp-json\/wp\/v2\/users\/1"}],"replies":[{"embeddable":true,"href":"https:\/\/islabellaproperties.com\/en\/wp-json\/wp\/v2\/comments?post=17149"}],"version-history":[{"count":115,"href":"https:\/\/islabellaproperties.com\/en\/wp-json\/wp\/v2\/pages\/17149\/revisions"}],"predecessor-version":[{"id":21675,"href":"https:\/\/islabellaproperties.com\/en\/wp-json\/wp\/v2\/pages\/17149\/revisions\/21675"}],"wp:attachment":[{"href":"https:\/\/islabellaproperties.com\/en\/wp-json\/wp\/v2\/media?parent=17149"}],"curies":[{"name":"wp","href":"https:\/\/api.w.org\/{rel}","templated":true}]}}