{"id":18625,"date":"2024-05-04T17:57:46","date_gmt":"2024-05-04T17:57:46","guid":{"rendered":"https:\/\/islabellaproperties.com\/?page_id=18625"},"modified":"2026-03-29T16:02:17","modified_gmt":"2026-03-29T16:02:17","slug":"politica-de-privacidad","status":"publish","type":"page","link":"https:\/\/islabellaproperties.com\/en\/politica-de-privacidad\/","title":{"rendered":"Privacy Policy"},"content":{"rendered":"<div data-elementor-type=\"wp-page\" data-elementor-id=\"18625\" class=\"elementor elementor-18625\">\n\t\t\t\t\t\t<section class=\"elementor-section elementor-top-section elementor-element elementor-element-3e657816 elementor-section-height-min-height animated-slow elementor-section-boxed elementor-section-height-default elementor-section-items-middle elementor-invisible\" data-id=\"3e657816\" data-element_type=\"section\" data-e-type=\"section\" data-settings=\"{&quot;background_background&quot;:&quot;classic&quot;,&quot;animation&quot;:&quot;fadeIn&quot;}\">\n\t\t\t\t\t\t\t<div class=\"elementor-background-overlay\"><\/div>\n\t\t\t\t\t\t\t<div class=\"elementor-container elementor-column-gap-default\">\n\t\t\t\t\t<div class=\"elementor-column elementor-col-100 elementor-top-column elementor-element elementor-element-7fc944cc\" data-id=\"7fc944cc\" data-element_type=\"column\" data-e-type=\"column\">\n\t\t\t<div class=\"elementor-widget-wrap elementor-element-populated\">\n\t\t\t\t\t\t<div class=\"elementor-element elementor-element-121f6dce animated-slow elementor-invisible elementor-widget elementor-widget-heading\" data-id=\"121f6dce\" data-element_type=\"widget\" data-e-type=\"widget\" data-settings=\"{&quot;_animation&quot;:&quot;fadeIn&quot;}\" data-widget_type=\"heading.default\">\n\t\t\t\t<div class=\"elementor-widget-container\">\n\t\t\t\t\t<h1 class=\"elementor-heading-title elementor-size-default\">Privacy Policy<\/h1>\t\t\t\t<\/div>\n\t\t\t\t<\/div>\n\t\t\t\t\t<\/div>\n\t\t<\/div>\n\t\t\t\t\t<\/div>\n\t\t<\/section>\n\t\t\t\t<section class=\"elementor-section elementor-top-section elementor-element elementor-element-2b049dba elementor-section-boxed elementor-section-height-default elementor-section-height-default\" data-id=\"2b049dba\" data-element_type=\"section\" data-e-type=\"section\" data-settings=\"{&quot;background_background&quot;:&quot;classic&quot;}\">\n\t\t\t\t\t\t<div class=\"elementor-container elementor-column-gap-default\">\n\t\t\t\t\t<div class=\"elementor-column elementor-col-100 elementor-top-column elementor-element elementor-element-2f28173c\" data-id=\"2f28173c\" data-element_type=\"column\" data-e-type=\"column\">\n\t\t\t<div class=\"elementor-widget-wrap elementor-element-populated\">\n\t\t\t\t\t\t<div class=\"elementor-element elementor-element-523709ed elementor-widget elementor-widget-spacer\" data-id=\"523709ed\" data-element_type=\"widget\" data-e-type=\"widget\" data-widget_type=\"spacer.default\">\n\t\t\t\t<div class=\"elementor-widget-container\">\n\t\t\t\t\t\t\t<div class=\"elementor-spacer\">\n\t\t\t<div class=\"elementor-spacer-inner\"><\/div>\n\t\t<\/div>\n\t\t\t\t\t\t<\/div>\n\t\t\t\t<\/div>\n\t\t\t\t<div class=\"elementor-element elementor-element-7576476 animated-slow elementor-invisible elementor-widget elementor-widget-text-editor\" data-id=\"7576476\" data-element_type=\"widget\" data-e-type=\"widget\" data-settings=\"{&quot;_animation&quot;:&quot;fadeIn&quot;}\" data-widget_type=\"text-editor.default\">\n\t\t\t\t<div class=\"elementor-widget-container\">\n\t\t\t\t\t\t\t\t\t<h1 data-start=\"624\" data-end=\"653\">PRIVACY POLICY<\/h1><p data-start=\"654\" data-end=\"715\"><strong data-start=\"654\" data-end=\"677\">Cintr\u00f3n Real Estate<\/strong><br data-start=\"677\" data-end=\"680\" \/><strong data-start=\"680\" data-end=\"715\"><a class=\"decorated-link\" href=\"https:\/\/islabellaproperties.com\/en\/\" target=\"_new\" rel=\"noopener\" data-start=\"682\" data-end=\"713\">https:\/\/islabellaproperties.com<\/a><\/strong><\/p><p data-start=\"717\" data-end=\"759\"><strong data-start=\"717\" data-end=\"742\">Last update:<\/strong><\/p><p data-start=\"717\" data-end=\"759\">February 20, 2026<\/p><hr data-start=\"761\" data-end=\"764\" \/><h2 data-start=\"766\" data-end=\"784\">1. INTRODUCTION<\/h2><p data-start=\"786\" data-end=\"960\">Welcome(to) to <strong data-start=\"802\" data-end=\"829\">islabellaproperties.com<\/strong> (the \u201cSite\u201d), operated by <strong data-start=\"856\" data-end=\"879\">Cintr\u00f3n Real Estate<\/strong>, represented by <strong data-start=\"898\" data-end=\"923\">Alex Cintr\u00f3n, Realtor<\/strong> (\u201cCompany\u201d, \u201cwe\u201d, \u201cour\u201d).<\/p><p data-start=\"962\" data-end=\"1279\">We are committed to protecting the privacy and security of the personal information of our visitors, clients, and prospective clients. This Privacy Policy explains how we collect, use, disclose, and protect your information when you use our website or interact with our real estate services.<\/p><p data-start=\"1281\" data-end=\"1359\">By using this Site, you agree to the practices described in this Policy.<\/p><hr data-start=\"1361\" data-end=\"1364\" \/><h2 data-start=\"1366\" data-end=\"1391\">2. LEGAL APPLICABILITY<\/h2><p data-start=\"1393\" data-end=\"1485\">This Policy is developed in accordance with best practices and applicable laws, including:<\/p><ul data-start=\"1487\" data-end=\"1881\"><li data-start=\"1487\" data-end=\"1523\"><p data-start=\"1489\" data-end=\"1523\">Federal Trade Commission Act (FTC)<\/p><\/li><li data-start=\"1524\" data-end=\"1576\"><p data-start=\"1526\" data-end=\"1576\">California Online Privacy Protection Act (CalOPPA)<\/p><\/li><li data-start=\"1577\" data-end=\"1663\"><p data-start=\"1579\" data-end=\"1663\">California Consumer Privacy Act (CCPA) and CPRA (as a national privacy standard)<\/p><\/li><li data-start=\"1664\" data-end=\"1714\"><p data-start=\"1666\" data-end=\"1714\">Children&#039;s Online Privacy Protection Act (COPPA)<\/p><\/li><li data-start=\"1715\" data-end=\"1814\"><p data-start=\"1717\" data-end=\"1814\">Data protection and breach notification laws applicable in Puerto Rico and the United States<\/p><\/li><li data-start=\"1815\" data-end=\"1881\"><p data-start=\"1817\" data-end=\"1881\">Federal guidelines on digital advertising and data collection<\/p><\/li><\/ul><p data-start=\"1883\" data-end=\"2027\">Although we operate primarily in Puerto Rico, we apply enhanced privacy standards to protect all users.<\/p><hr data-start=\"2029\" data-end=\"2032\" \/><h2 data-start=\"2034\" data-end=\"2067\">3. INFORMATION WE COLLECT<\/h2><h3 data-start=\"2069\" data-end=\"2117\">A. Information provided voluntarily<\/h3><p data-start=\"2119\" data-end=\"2162\">We may collect information when you:<\/p><ul data-start=\"2164\" data-end=\"2377\"><li data-start=\"2164\" data-end=\"2198\"><p data-start=\"2166\" data-end=\"2198\">Complete contact forms<\/p><\/li><li data-start=\"2199\" data-end=\"2239\"><p data-start=\"2201\" data-end=\"2239\">Request information about properties<\/p><\/li><li data-start=\"2240\" data-end=\"2280\"><p data-start=\"2242\" data-end=\"2280\">Request property valuation (CMA)<\/p><\/li><li data-start=\"2281\" data-end=\"2326\"><p data-start=\"2283\" data-end=\"2326\">Sign up to receive listings or alerts<\/p><\/li><li data-start=\"2327\" data-end=\"2377\"><p data-start=\"2329\" data-end=\"2377\">You communicate via email, phone, or social media.<\/p><\/li><\/ul><p data-start=\"2379\" data-end=\"2408\">The information may include:<\/p><ul data-start=\"2410\" data-end=\"2596\"><li data-start=\"2410\" data-end=\"2427\"><p data-start=\"2412\" data-end=\"2427\">Full Name<\/p><\/li><li data-start=\"2428\" data-end=\"2448\"><p data-start=\"2430\" data-end=\"2448\">Email<\/p><\/li><li data-start=\"2449\" data-end=\"2468\"><p data-start=\"2451\" data-end=\"2468\">Phone number<\/p><\/li><li data-start=\"2469\" data-end=\"2487\"><p data-start=\"2471\" data-end=\"2487\">Physical Address<\/p><\/li><li data-start=\"2488\" data-end=\"2516\"><p data-start=\"2490\" data-end=\"2516\">Real estate preferences<\/p><\/li><li data-start=\"2517\" data-end=\"2548\"><p data-start=\"2519\" data-end=\"2548\">Information about properties<\/p><\/li><li data-start=\"2549\" data-end=\"2596\"><p data-start=\"2551\" data-end=\"2596\">Any information submitted voluntarily<\/p><\/li><\/ul><hr data-start=\"2598\" data-end=\"2601\" \/><h3 data-start=\"2603\" data-end=\"2648\">B. Information collected automatically<\/h3><p data-start=\"2650\" data-end=\"2692\">When you visit the Site, we may collect:<\/p><ul data-start=\"2694\" data-end=\"2837\"><li data-start=\"2694\" data-end=\"2708\"><p data-start=\"2696\" data-end=\"2708\">IP Address<\/p><\/li><li data-start=\"2709\" data-end=\"2731\"><p data-start=\"2711\" data-end=\"2731\">Approximate location<\/p><\/li><li data-start=\"2732\" data-end=\"2765\"><p data-start=\"2734\" data-end=\"2765\">Browser type and device<\/p><\/li><li data-start=\"2766\" data-end=\"2785\"><p data-start=\"2768\" data-end=\"2785\">Visited pages<\/p><\/li><li data-start=\"2786\" data-end=\"2808\"><p data-start=\"2788\" data-end=\"2808\">Navigation time<\/p><\/li><li data-start=\"2809\" data-end=\"2837\"><p data-start=\"2811\" data-end=\"2837\">Ad Interactions<\/p><\/li><\/ul><hr data-start=\"2839\" data-end=\"2842\" \/><h3 data-start=\"2844\" data-end=\"2887\">C. Cookies and Tracking Technologies<\/h3><p data-start=\"2889\" data-end=\"2900\">We use:<\/p><ul data-start=\"2902\" data-end=\"3059\"><li data-start=\"2902\" data-end=\"2932\"><p data-start=\"2904\" data-end=\"2932\">Essential site cookies<\/p><\/li><li data-start=\"2933\" data-end=\"2951\"><p data-start=\"2935\" data-end=\"2951\">Google Analytics<\/p><\/li><li data-start=\"2952\" data-end=\"2973\"><p data-start=\"2954\" data-end=\"2973\">Facebook\/Meta Pixel<\/p><\/li><li data-start=\"2974\" data-end=\"2995\"><p data-start=\"2976\" data-end=\"2995\">Google Ads tracking<\/p><\/li><li data-start=\"2996\" data-end=\"3020\"><p data-start=\"2998\" data-end=\"3020\">Remarketing cookies<\/p><\/li><li data-start=\"3021\" data-end=\"3059\"><p data-start=\"3023\" data-end=\"3059\">MLS and CRM provider technologies<\/p><\/li><\/ul><p data-start=\"3061\" data-end=\"3089\">These tools help to:<\/p><ul data-start=\"3091\" data-end=\"3204\"><li data-start=\"3091\" data-end=\"3109\"><p data-start=\"3093\" data-end=\"3109\">Analize traffic<\/p><\/li><li data-start=\"3110\" data-end=\"3143\"><p data-start=\"3112\" data-end=\"3143\">Improve user experience<\/p><\/li><li data-start=\"3144\" data-end=\"3173\"><p data-start=\"3146\" data-end=\"3173\">Show relevant ads<\/p><\/li><li data-start=\"3174\" data-end=\"3204\"><p data-start=\"3176\" data-end=\"3204\">Measuring advertising campaigns<\/p><\/li><\/ul><p data-start=\"3206\" data-end=\"3269\">You can control cookies from your browser settings.<\/p><hr data-start=\"3271\" data-end=\"3274\" \/><h2 data-start=\"3276\" data-end=\"3303\">4. USE OF INFORMATION<\/h2><p data-start=\"3305\" data-end=\"3336\">We use the information to:<\/p><ul data-start=\"3338\" data-end=\"3625\"><li data-start=\"3338\" data-end=\"3373\"><p data-start=\"3340\" data-end=\"3373\">Respond to requests and inquiries<\/p><\/li><li data-start=\"3374\" data-end=\"3407\"><p data-start=\"3376\" data-end=\"3407\">Provide Real Estate services<\/p><\/li><li data-start=\"3408\" data-end=\"3442\"><p data-start=\"3410\" data-end=\"3442\">Present relevant properties<\/p><\/li><li data-start=\"3443\" data-end=\"3494\"><p data-start=\"3445\" data-end=\"3494\">Contact you about buying or selling real estate<\/p><\/li><li data-start=\"3495\" data-end=\"3541\"><p data-start=\"3497\" data-end=\"3541\">Digital marketing and advertising campaigns<\/p><\/li><li data-start=\"3542\" data-end=\"3579\"><p data-start=\"3544\" data-end=\"3579\">Improve site performance<\/p><\/li><li data-start=\"3580\" data-end=\"3625\"><p data-start=\"3582\" data-end=\"3625\">Comply with legal and regulatory obligations<\/p><\/li><\/ul><p data-start=\"3627\" data-end=\"3675\"><strong data-start=\"3627\" data-end=\"3675\">We do not sell personal information to third parties.<\/strong><\/p><hr data-start=\"3677\" data-end=\"3680\" \/><h2 data-start=\"3682\" data-end=\"3745\">5. THIRD-PARTY INTEGRATIONS (MLS AND REAL ESTATE TECHNOLOGY)<\/h2><p data-start=\"3747\" data-end=\"3810\">Our site may use external tools, including:<\/p><ul data-start=\"3812\" data-end=\"3938\"><li data-start=\"3812\" data-end=\"3826\"><p data-start=\"3814\" data-end=\"3826\">MLS Systems<\/p><\/li><li data-start=\"3827\" data-end=\"3857\"><p data-start=\"3829\" data-end=\"3857\">iHomeFinder \/ Optima Express<\/p><\/li><li data-start=\"3858\" data-end=\"3890\"><p data-start=\"3860\" data-end=\"3890\">Email marketing platforms<\/p><\/li><li data-start=\"3891\" data-end=\"3910\"><p data-start=\"3893\" data-end=\"3910\">Real Estate CRM<\/p><\/li><li data-start=\"3911\" data-end=\"3938\"><p data-start=\"3913\" data-end=\"3938\">Publicity platforms<\/p><\/li><\/ul><p data-start=\"3940\" data-end=\"4027\">These providers may process data in accordance with their own privacy policies.<\/p><hr data-start=\"4029\" data-end=\"4032\" \/><h2 data-start=\"4034\" data-end=\"4072\">6. DIGITAL ADVERTISING AND REMARKETING<\/h2><p data-start=\"4074\" data-end=\"4120\">We may use advertising services such as:<\/p><ul data-start=\"4122\" data-end=\"4168\"><li data-start=\"4122\" data-end=\"4134\"><p data-start=\"4124\" data-end=\"4134\">Google Ads<\/p><\/li><li data-start=\"4135\" data-end=\"4168\"><p data-start=\"4137\" data-end=\"4168\">Meta (Facebook and Instagram Ads)<\/p><\/li><\/ul><p data-start=\"4170\" data-end=\"4300\">These platforms may display ads based on previous visits to our site using cookies or digital identifiers.<\/p><p data-start=\"4302\" data-end=\"4370\">Users can manage advertising preferences through<\/p><ul data-start=\"4372\" data-end=\"4414\"><li data-start=\"4372\" data-end=\"4392\"><p data-start=\"4374\" data-end=\"4392\">Google Ad Settings<\/p><\/li><li data-start=\"4393\" data-end=\"4414\"><p data-start=\"4395\" data-end=\"4414\">Meta Ad Preferences<\/p><\/li><\/ul><hr data-start=\"4416\" data-end=\"4419\" \/><h2 data-start=\"4421\" data-end=\"4459\">7. LEGAL BASIS FOR PROCESSING<\/h2><p data-start=\"4461\" data-end=\"4495\">We process information based on:<\/p><ul data-start=\"4497\" data-end=\"4629\"><li data-start=\"4497\" data-end=\"4525\"><p data-start=\"4499\" data-end=\"4525\">User consent<\/p><\/li><li data-start=\"4526\" data-end=\"4554\"><p data-start=\"4528\" data-end=\"4554\">Legitimate commercial interest<\/p><\/li><li data-start=\"4555\" data-end=\"4590\"><p data-start=\"4557\" data-end=\"4590\">Direct service requests<\/p><\/li><li data-start=\"4591\" data-end=\"4629\"><p data-start=\"4593\" data-end=\"4629\">Compliance with legal obligations<\/p><\/li><\/ul><hr data-start=\"4631\" data-end=\"4634\" \/><h2 data-start=\"4636\" data-end=\"4676\">8. USER PRIVACY RIGHTS<\/h2><p data-start=\"4678\" data-end=\"4732\">Depending on your jurisdiction, you may be able to request:<\/p><ul data-start=\"4734\" data-end=\"4903\"><li data-start=\"4734\" data-end=\"4768\"><p data-start=\"4736\" data-end=\"4768\">Access to your personal information<\/p><\/li><li data-start=\"4769\" data-end=\"4800\"><p data-start=\"4771\" data-end=\"4800\">Correction of inaccurate data<\/p><\/li><li data-start=\"4801\" data-end=\"4829\"><p data-start=\"4803\" data-end=\"4829\">Deletion of information<\/p><\/li><li data-start=\"4830\" data-end=\"4860\"><p data-start=\"4832\" data-end=\"4860\">Data usage restriction<\/p><\/li><li data-start=\"4861\" data-end=\"4903\"><p data-start=\"4863\" data-end=\"4903\">Opt out of marketing communications<\/p><\/li><\/ul><p data-start=\"4905\" data-end=\"4933\">To exercise these rights:<\/p><p data-start=\"4935\" data-end=\"4977\">\ud83d\udce7 <strong data-start=\"4538\" data-end=\"4548\">E-mail:<\/strong> <a class=\"decorated-link cursor-pointer\" rel=\"noopener\" data-start=\"4549\" data-end=\"4580\">cintronrealestatepr@gmail.com<\/a><\/p><p data-start=\"4979\" data-end=\"5051\">We will respond within a reasonable time in accordance with applicable law.<\/p><hr data-start=\"5053\" data-end=\"5056\" \/><h2 data-start=\"5058\" data-end=\"5091\">9. INFORMATION SECURITY<\/h2><p data-start=\"5093\" data-end=\"5150\">We implement reasonable security measures including:<\/p><ul data-start=\"5152\" data-end=\"5279\"><li data-start=\"5152\" data-end=\"5177\"><p data-start=\"5154\" data-end=\"5177\">SSL Certificate (HTTPS)<\/p><\/li><li data-start=\"5178\" data-end=\"5206\"><p data-start=\"5180\" data-end=\"5206\">Restricted access to data<\/p><\/li><li data-start=\"5207\" data-end=\"5243\"><p data-start=\"5209\" data-end=\"5243\">Password-protected systems<\/p><\/li><li data-start=\"5244\" data-end=\"5279\"><p data-start=\"5246\" data-end=\"5279\">Basic web security monitoring<\/p><\/li><\/ul><p data-start=\"5281\" data-end=\"5387\">Although we apply reasonable commercial measures, no Internet transmission is completely secure.<\/p><hr data-start=\"5389\" data-end=\"5392\" \/><h2 data-start=\"5394\" data-end=\"5425\">10. INFORMATION RETENTION<\/h2><p data-start=\"5427\" data-end=\"5493\">We retain information only for as long as necessary to:<\/p><ul data-start=\"5495\" data-end=\"5600\"><li data-start=\"5495\" data-end=\"5528\"><p data-start=\"5497\" data-end=\"5528\">Provide Real Estate services<\/p><\/li><li data-start=\"5529\" data-end=\"5557\"><p data-start=\"5531\" data-end=\"5557\">Comply with legal requirements<\/p><\/li><li data-start=\"5558\" data-end=\"5600\"><p data-start=\"5560\" data-end=\"5600\">Maintain legitimate business records<\/p><\/li><\/ul><hr data-start=\"5602\" data-end=\"5605\" \/><h2 data-start=\"5607\" data-end=\"5629\">11. MINORS OF AGE<\/h2><p data-start=\"5631\" data-end=\"5680\">This site is not intended for children under 13 years of age.<\/p><p data-start=\"5682\" data-end=\"5763\">We do not intentionally collect personal information from minors in accordance with COPPA.<\/p><hr data-start=\"5765\" data-end=\"5768\" \/><h2 data-start=\"5770\" data-end=\"5793\">12. EXTERNAL LINKS<\/h2><p data-start=\"5795\" data-end=\"5941\">El Sitio puede contener enlaces a terceros (MLS, portales inmobiliarios, redes sociales).<br data-start=\"5884\" data-end=\"5887\" \/>We are not responsible for their privacy practices.<\/p><hr data-start=\"5943\" data-end=\"5946\" \/><h2 data-start=\"5948\" data-end=\"5967\">13. DO NOT TRACK<\/h2><p data-start=\"5969\" data-end=\"6088\">Currently, the Site does not respond to \"Do Not Track\" signals due to the absence of uniform standards in the industry.<\/p><hr data-start=\"6090\" data-end=\"6093\" \/><h2 data-start=\"6095\" data-end=\"6124\">14. DATA TRANSFER<\/h2><p data-start=\"6126\" data-end=\"6220\">The information may be stored and processed on servers located within the United States.<\/p><p data-start=\"6222\" data-end=\"6280\">By using the Site, you consent to this transfer.<\/p><hr data-start=\"6282\" data-end=\"6285\" \/><h2 data-start=\"6287\" data-end=\"6317\">15. CHANGES TO THIS POLICY<\/h2><p data-start=\"6319\" data-end=\"6425\">We may update this Policy periodically.<br data-start=\"6367\" data-end=\"6370\" \/>The update date will reflect the current version.<\/p><hr data-start=\"6427\" data-end=\"6430\" \/><h2 data-start=\"6432\" data-end=\"6462\">16. CONTACT INFORMATION<\/h2><p data-start=\"6464\" data-end=\"6513\"><strong data-start=\"6464\" data-end=\"6487\">Cintr\u00f3n Real Estate<\/strong><br data-start=\"6487\" data-end=\"6490\" \/>Alex Cintr\u00f3n, Realtor<\/p><p data-start=\"6515\" data-end=\"6585\">\ud83c\udf10 <a class=\"decorated-link\" href=\"https:\/\/islabellaproperties.com\/en\/\" target=\"_new\" rel=\"noopener\" data-start=\"6518\" data-end=\"6549\">https:\/\/islabellaproperties.com<\/a><br data-start=\"6549\" data-end=\"6552\" \/>\ud83d\udce7 <a class=\"decorated-link cursor-pointer\" rel=\"noopener\" data-start=\"6158\" data-end=\"6189\">cintronrealestatepr@gmail.com<\/a><\/p><p data-start=\"6587\" data-end=\"6701\">For matters related to privacy or personal data, you can contact us using the information above.<\/p><p data-start=\"6587\" data-end=\"6701\">\u00a0<\/p><p data-start=\"6587\" data-end=\"6701\">Terms and Conditions:<\/p><p><blockquote class=\"wp-embedded-content\" data-secret=\"qofKYtdZoK\"><a href=\"https:\/\/islabellaproperties.com\/en\/terms-and-conditions\/\">Terms and Conditions<\/a><\/blockquote><iframe class=\"wp-embedded-content\" sandbox=\"allow-scripts\" security=\"restricted\" style=\"position: absolute; visibility: hidden;\" title=\"\u00abTerms and Conditions\u00bb \u2014 Isla Bella Properties By Cintron Real Estate\" src=\"https:\/\/islabellaproperties.com\/terms-and-conditions\/embed\/#?secret=RwIwgVqkmg#?secret=qofKYtdZoK\" data-secret=\"qofKYtdZoK\" width=\"600\" height=\"338\" frameborder=\"0\" marginwidth=\"0\" marginheight=\"0\" scrolling=\"no\"><\/iframe><\/p>\t\t\t\t\t\t\t\t<\/div>\n\t\t\t\t<\/div>\n\t\t\t\t\t<\/div>\n\t\t<\/div>\n\t\t\t\t\t<\/div>\n\t\t<\/section>\n\t\t\t\t<\/div>","protected":false},"excerpt":{"rendered":"<p>Pol\u00edtica de Privacidad POL\u00cdTICA DE PRIVACIDAD Cintr\u00f3n Real Estatehttps:\/\/islabellaproperties.com \u00daltima actualizaci\u00f3n: 20 de febrero de 2026 1. INTRODUCCI\u00d3N Bienvenido(a) a islabellaproperties.com (el \u201cSitio\u201d), operado por Cintr\u00f3n Real Estate, representado por Alex Cintr\u00f3n, Realtor (\u201cCompa\u00f1\u00eda\u201d, \u201cnosotros\u201d, \u201cnuestro\u201d). Nos comprometemos a proteger la privacidad y seguridad de la informaci\u00f3n personal de nuestros visitantes, clientes y prospectos. Esta [&hellip;]<\/p>\n","protected":false},"author":1,"featured_media":0,"parent":0,"menu_order":0,"comment_status":"closed","ping_status":"closed","template":"elementor_header_footer","meta":{"footnotes":""},"class_list":["post-18625","page","type-page","status-publish","hentry"],"_links":{"self":[{"href":"https:\/\/islabellaproperties.com\/en\/wp-json\/wp\/v2\/pages\/18625","targetHints":{"allow":["GET"]}}],"collection":[{"href":"https:\/\/islabellaproperties.com\/en\/wp-json\/wp\/v2\/pages"}],"about":[{"href":"https:\/\/islabellaproperties.com\/en\/wp-json\/wp\/v2\/types\/page"}],"author":[{"embeddable":true,"href":"https:\/\/islabellaproperties.com\/en\/wp-json\/wp\/v2\/users\/1"}],"replies":[{"embeddable":true,"href":"https:\/\/islabellaproperties.com\/en\/wp-json\/wp\/v2\/comments?post=18625"}],"version-history":[{"count":41,"href":"https:\/\/islabellaproperties.com\/en\/wp-json\/wp\/v2\/pages\/18625\/revisions"}],"predecessor-version":[{"id":21677,"href":"https:\/\/islabellaproperties.com\/en\/wp-json\/wp\/v2\/pages\/18625\/revisions\/21677"}],"wp:attachment":[{"href":"https:\/\/islabellaproperties.com\/en\/wp-json\/wp\/v2\/media?parent=18625"}],"curies":[{"name":"wp","href":"https:\/\/api.w.org\/{rel}","templated":true}]}}